{"id":3038,"date":"2014-11-05T21:31:15","date_gmt":"2014-11-05T21:31:15","guid":{"rendered":"http:\/\/unilabor.mx\/wrpd\/?page_id=3038"},"modified":"2015-08-31T12:29:30","modified_gmt":"2015-08-31T18:29:30","slug":"historia-unilabor","status":"publish","type":"page","link":"https:\/\/unilabor.mx\/wrpd\/historia-unilabor\/","title":{"rendered":"Historia Unilabor"},"content":{"rendered":"<div class='grid-row clearfix'><div class='grid-col grid-col-12'><section class='cws-widget'><div class='widget-title'>1986<\/div><section class='cws_widget_content'>\n<p>Unilabor Unidad de Laboratorio Cl&iacute;nico y Biolog&iacute;a Molecular es due&ntilde;o de un pasado interesante y un futuro prometedor, fundado en marzo de 1986 por su propietario y actual director general el Q.F.B. Guillermo Priego Hern&aacute;ndez egresado de la Universidad Nacional aut&oacute;noma de M&eacute;xico en la generaci&oacute;n 1985.<\/p>\n<\/section><\/section><section class='cws-widget'><div class='widget-title'>1987<\/div><section class='cws_widget_content'>\n<p>Un a&ntilde;o despu&eacute;s de su egreso de la facultad inicia sus operaciones como laboratorio de an&aacute;lisis cl&iacute;nicos en la calle de puerto escondido no. 705 en su ciudad natal Villahermosa, Tabasco, desde entonces el sue&ntilde;o de brindar servicios de laboratorio cl&iacute;nico con un alto&nbsp; sentido&nbsp; humanitario&nbsp; y&nbsp; con&nbsp; un&nbsp; compromiso&nbsp; importante&nbsp; en&nbsp; la&nbsp; calidad,&nbsp; empezaba a materializarse, en sus primeros a&ntilde;os fue atendido &uacute;nicamente por su propietario y un&nbsp; auxiliar&nbsp; brindando&nbsp; servicios&nbsp; de&nbsp; pruebas&nbsp; rutinarias en&nbsp; las&nbsp; &aacute;reas&nbsp; de&nbsp; microbiolog&iacute;a, hematolog&iacute;a, qu&iacute;mica cl&iacute;nica b&aacute;sica e inmunolog&iacute;a rutinaria.<\/p>\n<p>Como todo inicio no result&oacute; una labor f&aacute;cil, aunque el estado ten&iacute;a un gran potencial para desarrollarse en este &aacute;mbito resultaba ser un mercado cerrado en el que imperaba la corrupci&oacute;n, la dicotom&iacute;a, que es la comisi&oacute;n monetaria que percib&iacute;an algunos m&eacute;dicos por recomendar los laboratorios existentes en la ciudad, negaba toda oportunidad a quienes basaban sus servicio en la calidad de los resultados y en las propuestas de nuevas tendencias en el campo del laboratorio cl&iacute;nico.<\/p>\n<\/section><\/section><section class='cws-widget'><div class='widget-title'>1988<\/div><section class='cws_widget_content'>\n<p>Ofrecer los servicios de laboratorio a instituciones p&uacute;blicas result&oacute; en ese momento ser una excelente oportunidad para asegurar la afluencia de pacientes, hecho que permiti&oacute; a&ntilde;o y medio m&aacute;s tarde tener mayor presencia en el mercado y hacer crecer la plantilla laboral.<\/p>\n<p>La introducci&oacute;n de pruebas especiales, la utilizaci&oacute;n de servicios de maquila, el salto de m&eacute;todos manuales a m&eacute;todos automatizados consolidaban poco a poco una imagen de trabajo compromiso e innovaci&oacute;n.<\/p>\n<\/section><\/section><section class='cws-widget'><div class='widget-title'>1993<\/div><section class='cws_widget_content'>\n<p>5 a&ntilde;os mas tarde y ante el crecimiento que se estaba percibiendo el Q.F.B. Guillermo Priego decide ir m&aacute;s all&aacute; de los servicios que otorgaba en ese tiempo, el iniciaba a visualizar&nbsp; una&nbsp; unidad&nbsp; de&nbsp; laboratorio&nbsp; competitiva,&nbsp; innovadora,&nbsp; l&iacute;der&nbsp; de&nbsp; mercado&nbsp; que contara con servicios personalizados, un trato digno al paciente, con la garant&iacute;a total de resultados de calidad, &eacute;ticos y profesionales, hab&iacute;a que marcar la diferencia y distinguirse de&nbsp; otros laboratorios. Es&nbsp; entonces cuando&nbsp; en&nbsp; conjunto con&nbsp; especialistas se&nbsp; crea&nbsp; el anteproyecto de lo que en el a&ntilde;o 1991 seria UNILAB An&aacute;lisis Cl&iacute;nicos.<\/p>\n<p>Ya&nbsp;&nbsp; como&nbsp;&nbsp; UNILAB&nbsp;&nbsp; An&aacute;lisis&nbsp;&nbsp; Cl&iacute;nicos&nbsp;&nbsp; se&nbsp;&nbsp; contaba&nbsp;&nbsp; con&nbsp;&nbsp; un&nbsp;&nbsp; equipo&nbsp;&nbsp; de&nbsp;&nbsp; trabajo fundamentalmente conformado por qu&iacute;micos f&aacute;rmaco bi&oacute;logos de otros estados de la rep&uacute;blica y se empezaban a utilizar m&eacute;todos anal&iacute;ticos estandarizados e internacionales siempre con la idea de ofrecer la mayor seguridad en cada resultado y de esta forma cubrir las necesidades de la regi&oacute;n.<\/p>\n<p>Para 1993 surgen en M&eacute;xico programas de evaluaci&oacute;n externa de la calidad, que med&iacute;an y comparaban con los mejores laboratorios del pa&iacute;s en qu&eacute; nivel de certidumbre se encontraban los resultados de Unilab; estos programas eran voluntarios por lo que hab&iacute;a que pagar una cuota para pertenecer a este selecto grupo y recibir peri&oacute;dicamente las evaluaciones.<\/p>\n<p>En 1993 se obtiene el primer reconocimiento a la calidad otorgado por Merck. Motivados por lograr uno de los principales objetivos de Unilab ofrecer resultados de calidad, se inicia la participaci&oacute;n en PECEL actualmente PACAL, organismo evaluador de la calidad de los laboratorios en M&eacute;xico, obteniendo en 1994 el premio&nbsp;&nbsp; por la excelencia de la calidad avalado por el Instituto Polit&eacute;cnico Nacional.<\/p>\n<\/section><\/section><section class='cws-widget'><div class='widget-title'>2000<\/div><section class='cws_widget_content'>\n<p>En julio del a\u00f1o 2000 y pese al uso comercial de la marca Unilab An\u00e1lisis Cl\u00ednicos desde 1991, se procede a registrar ante el Instituto Mexicano de la Propiedad Industrial (IMPI) obteniendo el titulo legal en febrero de 2001.<\/p>\n<\/section><\/section><section class='cws-widget'><div class='widget-title'>2004<\/div><section class='cws_widget_content'>\n<p>Con&nbsp; el&nbsp; crecimiento de&nbsp; las&nbsp; necesidades&nbsp; de&nbsp; laboratorio del&nbsp; estado, tambi&eacute;n surgi&oacute;&nbsp; la necesidad de&nbsp; ampliar las instalaciones de Unilab, por ello para el a&ntilde;o 2004 se inaugura UNILAB An&aacute;lisis cl&iacute;nicos&nbsp;&nbsp; en sus nuevas instalaciones Sim&oacute;n Sarlat no. 226 colonia Centro,&nbsp; pensado en&nbsp; la comodidad de los pacientes, con amplia sala de espera, &aacute;reas adecuadas para discapacitados, estacionamiento propio y sobre todo ofreciendo mayor diversidad en pruebas de laboratorio que en conjunto brindaban al paciente un nivel superior de atenci&oacute;n.<\/p>\n<p>En ese mismo periodo se inicia la b&uacute;squeda de asesoramiento profesional para lograr la certificaci&oacute;n del laboratorio en las normas ISO, lo cual ha sido un camino muy duro en el que se ha tenido que enfrentar a los altos costos de las asesor&iacute;as y a la falta de especializaci&oacute;n de las empresas locales contratadas para tal fin.<\/p>\n<p>A pesar de los obst&aacute;culos y la falta de resultado, el empe&ntilde;o, la implementaci&oacute;n de un sistema de gesti&oacute;n interno de la calidad y la aplicaci&oacute;n de pol&iacute;ticas rigurosas de calidad en los procesos, les han valido diversos reconocimientos a nivel nacional como lo es El &aacute;rbol de la calidad otorgado por UNAM y PACAL en el a&ntilde;o 2010.<\/p>\n<\/section><\/section><section class='cws-widget'><div class='widget-title'>2011<\/div><section class='cws_widget_content'>\n<p>En el a&ntilde;o 2011 Unilab An&aacute;lisis Cl&iacute;nicos decide evolucionar desde la esencia de su marca, este cambio obedec&iacute;a a dos razones fundamentales la primera el vencimiento del uso legal de la marca Unilab An&aacute;lisis Cl&iacute;nicos y la segunda el cambio evolutivo internacional aprobado en Ginebra Suiza por el comit&eacute; t&eacute;cnico 212 de la Organizaci&oacute;n Internacional de Est&aacute;ndares ISO en donde se define al laboratorio como parte integral de la medicina.<\/p>\n<p>&nbsp;Por lo que en septiembre de 2011 se registra ante el IMPI la marca UNILABOR Unidad de Laboratorio Cl&iacute;nico y Biolog&iacute;a Molecular, en esa misma fecha se logra el contacto con&nbsp; InComSA&nbsp; &ldquo;Servus&nbsp; Servorum&rdquo;,&nbsp; empresa&nbsp; especializada&nbsp; en&nbsp; identidad&nbsp; corporativa y conocedora de las problem&aacute;ticas y expectativas del laboratorio, y es con su apoyo que&nbsp; se&nbsp; retoma&nbsp; la&nbsp; enorme&nbsp; aunque&nbsp; gratificante&nbsp; tarea&nbsp; de&nbsp; preparar&nbsp; la&nbsp; acreditaci&oacute;n&nbsp; de competencia t&eacute;cnica por un organismo de autoridad para reconocer que Unilabor Unidad de Laboratorio Cl&iacute;nico y Biolog&iacute;a Molecular es una empresa competente que cumple con los requisitos de la norma ISO 15189:2007-NMX-EC-15189-IMNC-2008. De esta forma poder garantizar el compromiso autentico de brindar servicios y resultados de calidad con confiabilidad, transparencia, responsabilidad, vocaci&oacute;n de servicio y calidez humana.<\/p>\n<p>Con varios a&ntilde;os en el mercado ofreciendo servicios de diagn&oacute;stico cl&iacute;nico de calidad y ya con el reconocimiento de m&eacute;dicos, pacientes, clientes, e instituciones de &iacute;ndole p&uacute;blica y privada la idea de seguir creciendo, de brindar m&aacute;s y mejores servicios se hizo presente por lo que se inici&oacute; la construcci&oacute;n de un edificio integrador de especialidades de diagn&oacute;stico como lo son; an&aacute;lisis cl&iacute;nicos, Imagenolog&iacute;a, biolog&iacute;a molecular, androlog&iacute;a, patolog&iacute;a, inmunohistopatologia y medicina laboral, denominada Centro Integrador de Especialidades CIDE Laboratorio e Imagenolog&iacute;a, la cual abre sus puertas en junio de 2012 con la visi&oacute;n de consolidarse como un corporativo detonador de una econom&iacute;a en crecimiento, capaz de brindar soluci&oacute;n a las necesidades de servicios de salud del estado de Tabasco y sureste de M&eacute;xico, se espera CIDE sea el inicio de mas unidades de diagn&oacute;stico, el comienzo de un nuevo modelo de atenci&oacute;n al paciente, a la altura de la medicina moderna.<\/p>\n<p>UNILABOR Unidad de Laboratorio Cl&iacute;nico y Biolog&iacute;a Molecular matriz y como parte de CIDE Laboratorio e Imagenolog&iacute;a es el sue&ntilde;o realizado de una persona que lucha d&iacute;a a d&iacute;a por compartirlo y multiplicarlo, es el resultado de m&aacute;s de 29 a&ntilde;os de esfuerzos, de experiencia comprobada, de un verdadero compromiso con la sociedad tabasque&ntilde;a, del trabajo y la pasi&oacute;n que todos quienes han participado imprimen en el cumplimiento de sus actividades.<\/p>\n<p>UNILABOR Unidad de Laboratorio Cl&iacute;nico y Biolog&iacute;a Molecular, seguir&aacute; luchando cada d&iacute;a porque esta historia contin&uacute;e y se escriba por muchos a&ntilde;os m&aacute;s, quedando lo descrito hoy como precedente de futuras generaciones.<\/p>\n<\/section><\/section><\/div><\/div>\n","protected":false},"excerpt":{"rendered":"","protected":false},"author":1,"featured_media":0,"parent":0,"menu_order":0,"comment_status":"open","ping_status":"open","template":"","meta":{"footnotes":""},"class_list":["post-3038","page","type-page","status-publish","hentry"],"_links":{"self":[{"href":"https:\/\/unilabor.mx\/wrpd\/wp-json\/wp\/v2\/pages\/3038","targetHints":{"allow":["GET"]}}],"collection":[{"href":"https:\/\/unilabor.mx\/wrpd\/wp-json\/wp\/v2\/pages"}],"about":[{"href":"https:\/\/unilabor.mx\/wrpd\/wp-json\/wp\/v2\/types\/page"}],"author":[{"embeddable":true,"href":"https:\/\/unilabor.mx\/wrpd\/wp-json\/wp\/v2\/users\/1"}],"replies":[{"embeddable":true,"href":"https:\/\/unilabor.mx\/wrpd\/wp-json\/wp\/v2\/comments?post=3038"}],"version-history":[{"count":6,"href":"https:\/\/unilabor.mx\/wrpd\/wp-json\/wp\/v2\/pages\/3038\/revisions"}],"predecessor-version":[{"id":4886,"href":"https:\/\/unilabor.mx\/wrpd\/wp-json\/wp\/v2\/pages\/3038\/revisions\/4886"}],"wp:attachment":[{"href":"https:\/\/unilabor.mx\/wrpd\/wp-json\/wp\/v2\/media?parent=3038"}],"curies":[{"name":"wp","href":"https:\/\/api.w.org\/{rel}","templated":true}]}}