{"id":3040,"date":"2014-11-05T21:32:41","date_gmt":"2014-11-05T21:32:41","guid":{"rendered":"http:\/\/unilabor.mx\/wrpd\/?page_id=3040"},"modified":"2015-11-18T18:36:28","modified_gmt":"2015-11-19T00:36:28","slug":"mision-vision-y-valores","status":"publish","type":"page","link":"https:\/\/unilabor.mx\/wrpd\/mision-vision-y-valores\/","title":{"rendered":"Misi\u00f3n, Visi\u00f3n y Valores"},"content":{"rendered":"<div class='grid-row clearfix'><div class='grid-col grid-col-12'><section class='cws-widget'><section class='cws_widget_content'>\n<div class=\"cws-widget callout_widget clearfix with_icon\"><div class='icons_part icon_frame'><i class='fa fa-star'><\/i><\/div><div class='content_wrapper'><div class='text_part'><div class='title'>Misi\u00f3n<\/div>\n<span class='dropcap'>P<\/span>roveer servicios en las \u00e1reas de diagn\u00f3stico cl\u00ednico y biolog\u00eda molecular en el \u00e1mbito regional y nacional, generando resultados de calidad, con confiabilidad, transparencia, responsabilidad, vocaci\u00f3n de servicio y calidez humana.<\/p>\n<\/div><\/div><\/div>\n<div class=\"cws-widget callout_widget clearfix with_icon\"><div class='icons_part icon_frame'><i class='fa fa-university'><\/i><\/div><div class='content_wrapper'><div class='text_part'><div class='title'>Visi\u00f3n<\/div>\n<span class='dropcap'>L<\/span>legar a ser la Unidad de Laboratorio Cl\u00ednico y Biolog\u00eda Molecular l\u00edder del sureste, con reconocimiento y excelencia internacional, apoy\u00e1ndose en la competencia y validez de sus ensayos acreditados por la ema (Entidad Mexicana de Acreditaci\u00f3n), con personal capacitado y tecnolog\u00eda de vanguardia que nos permita superar las expectativas de nuestros clientes, en nuestros productos y servicios, con eficiencia, calidad y confidencialidad.<\/p>\n<\/div><\/div><\/div>\n<div class=\"cws-widget callout_widget clearfix with_icon\"><div class='icons_part icon_frame'><i class='fa fa-bookmark '><\/i><\/div><div class='content_wrapper'><div class='text_part'><div class='title'>Valores<\/div>\n<ul>\n<li>Confidencialidad<\/li>\n<li>\u00c9tica<\/li>\n<li>Honestidad<\/li>\n<li>Humildad<\/li>\n<li>Liderazgo<\/li>\n<li>Responsabilidad<\/li>\n<li>Trabajo en equipo<\/li>\n<\/ul>\n<\/div><\/div><\/div>\n<\/section><\/section><\/div><\/div>\n","protected":false},"excerpt":{"rendered":"","protected":false},"author":1,"featured_media":0,"parent":0,"menu_order":0,"comment_status":"open","ping_status":"open","template":"","meta":{"footnotes":""},"class_list":["post-3040","page","type-page","status-publish","hentry"],"_links":{"self":[{"href":"https:\/\/unilabor.mx\/wrpd\/wp-json\/wp\/v2\/pages\/3040","targetHints":{"allow":["GET"]}}],"collection":[{"href":"https:\/\/unilabor.mx\/wrpd\/wp-json\/wp\/v2\/pages"}],"about":[{"href":"https:\/\/unilabor.mx\/wrpd\/wp-json\/wp\/v2\/types\/page"}],"author":[{"embeddable":true,"href":"https:\/\/unilabor.mx\/wrpd\/wp-json\/wp\/v2\/users\/1"}],"replies":[{"embeddable":true,"href":"https:\/\/unilabor.mx\/wrpd\/wp-json\/wp\/v2\/comments?post=3040"}],"version-history":[{"count":16,"href":"https:\/\/unilabor.mx\/wrpd\/wp-json\/wp\/v2\/pages\/3040\/revisions"}],"predecessor-version":[{"id":6040,"href":"https:\/\/unilabor.mx\/wrpd\/wp-json\/wp\/v2\/pages\/3040\/revisions\/6040"}],"wp:attachment":[{"href":"https:\/\/unilabor.mx\/wrpd\/wp-json\/wp\/v2\/media?parent=3040"}],"curies":[{"name":"wp","href":"https:\/\/api.w.org\/{rel}","templated":true}]}}