{"id":3044,"date":"2014-11-05T21:34:15","date_gmt":"2014-11-05T21:34:15","guid":{"rendered":"http:\/\/unilabor.mx\/wrpd\/?page_id=3044"},"modified":"2016-02-15T18:36:36","modified_gmt":"2016-02-16T00:36:36","slug":"nuestra-experiencia","status":"publish","type":"page","link":"https:\/\/unilabor.mx\/wrpd\/nuestra-experiencia\/","title":{"rendered":"Nuestra Experiencia"},"content":{"rendered":"<div class='grid-row clearfix'><div class='grid-col grid-col-12'><section class='cws-widget'><section class='cws_widget_content'>\n<p>&nbsp;<\/p>\n<div class=\"cws-widget callout_widget clearfix with_icon\"><div class='icons_part icon_frame'><i class='fa fa-bookmark-o'><\/i><\/div><div class='content_wrapper'><div class='text_part'>\n<p><span style=\"color: #006da2;\"><strong>UNILABOR<sup>\u00ae<\/sup><\/strong> es una instituci\u00f3n con m\u00e1s de<strong>\u00a030 a\u00f1os<\/strong> de experiencia en el mercado como l\u00edder innovador en pruebas de rutina y alta especialidad de apoyo al diagn\u00f3stico cl\u00ednico, informaci\u00f3n y servicios de calidad avalados por organismos nacionales e internacionales.<\/span><\/p>\n<p>&nbsp;<\/p>\n<p><span style=\"color: #006da2;\">Somos pioneros en Biolog\u00eda Molecular, la revolucionaria t\u00e9cnica para detecci\u00f3n de Virus de Papiloma Humano, Tuberculosis y Medici\u00f3n de Cargas Virales en pacientes con VIH, entre otras enfermedades.<\/span><\/p>\n<p>&nbsp;<\/p>\n<p><span style=\"color: #006da2;\">El estudio de Tamiz Metab\u00f3lico Ampliado est\u00e1 avalado por: Mayo Medical Laboratories, Rochester, Minnesota, U.S.A.<\/span><\/p>\n<\/div><\/div><\/div>\n<p>&nbsp;<\/p>\n<\/section><\/section><\/div><\/div>\n","protected":false},"excerpt":{"rendered":"","protected":false},"author":1,"featured_media":0,"parent":0,"menu_order":0,"comment_status":"open","ping_status":"open","template":"","meta":{"footnotes":""},"class_list":["post-3044","page","type-page","status-publish","hentry"],"_links":{"self":[{"href":"https:\/\/unilabor.mx\/wrpd\/wp-json\/wp\/v2\/pages\/3044","targetHints":{"allow":["GET"]}}],"collection":[{"href":"https:\/\/unilabor.mx\/wrpd\/wp-json\/wp\/v2\/pages"}],"about":[{"href":"https:\/\/unilabor.mx\/wrpd\/wp-json\/wp\/v2\/types\/page"}],"author":[{"embeddable":true,"href":"https:\/\/unilabor.mx\/wrpd\/wp-json\/wp\/v2\/users\/1"}],"replies":[{"embeddable":true,"href":"https:\/\/unilabor.mx\/wrpd\/wp-json\/wp\/v2\/comments?post=3044"}],"version-history":[{"count":14,"href":"https:\/\/unilabor.mx\/wrpd\/wp-json\/wp\/v2\/pages\/3044\/revisions"}],"predecessor-version":[{"id":6265,"href":"https:\/\/unilabor.mx\/wrpd\/wp-json\/wp\/v2\/pages\/3044\/revisions\/6265"}],"wp:attachment":[{"href":"https:\/\/unilabor.mx\/wrpd\/wp-json\/wp\/v2\/media?parent=3044"}],"curies":[{"name":"wp","href":"https:\/\/api.w.org\/{rel}","templated":true}]}}