{"id":3140,"date":"2015-07-15T17:54:07","date_gmt":"2015-07-15T23:54:07","guid":{"rendered":"http:\/\/unilabor.mx\/wrpd\/?page_id=3140"},"modified":"2024-09-04T13:48:09","modified_gmt":"2024-09-04T19:48:09","slug":"ubicaciones","status":"publish","type":"page","link":"https:\/\/unilabor.mx\/wrpd\/ubicaciones\/","title":{"rendered":"Ubicaciones"},"content":{"rendered":"<div class='grid-row clearfix'><div class='grid-col grid-col-12'><section class='cws-widget'><section class='cws_widget_content'><div class='grid-row clearfix'><\/div><div class='grid-col grid-col-12'><\/div><section class='cws-widget'><div class='widget-title'>UNILABOR<sup>\u00ae<\/sup> Centro<\/div><section class='cws_widget_content'><\/section><\/section>\n<h2>Matriz<a class=\"fancy\" href=\"http:\/\/unilabor.mx\/wrpd\/wp-content\/uploads\/2014\/07\/unilabor-matriz.png\"><img loading=\"lazy\" decoding=\"async\" class=\"alignright wp-image-3217 size-medium imglocation\" src=\"\/wrpd\/wp-content\/uploads\/2014\/07\/unilabor-matriz-300x300.png\" alt=\"unilabor-matriz\" width=\"300\" height=\"300\" srcset=\"https:\/\/unilabor.mx\/wrpd\/wp-content\/uploads\/2014\/07\/unilabor-matriz-300x300.png 300w, https:\/\/unilabor.mx\/wrpd\/wp-content\/uploads\/2014\/07\/unilabor-matriz-150x150.png 150w, https:\/\/unilabor.mx\/wrpd\/wp-content\/uploads\/2014\/07\/unilabor-matriz-1024x1024.png 1024w\" sizes=\"auto, (max-width: 300px) 100vw, 300px\" \/><\/a><\/h2>\n<p>&nbsp;<\/p>\n<p id=\"u983-4\">Sim\u00f3n Sarlat # 226, Colonia Centro,<\/p>\n<p>&nbsp;<\/p>\n<p id=\"u983-6\">Villahermosa, Tabasco.<\/p>\n<p>&nbsp;<\/p>\n<p id=\"u983-8\"><strong>Tel. <a style=\"font-weight: bold; color: #494949;\" href=\"tel:9933124200\">993 312 4200<\/a><\/strong><\/p>\n<p>&nbsp;<\/p>\n<p id=\"u983-10\">Lunes a Viernes de 6:30 am a 7:00 pm.<\/p>\n<p>S\u00e1bados de 6:30 a 3:00 pm<br \/>\n<div id=\"flxmap-69d0f27f7ba6f\" class='flxmap-container' data-flxmap='flxmap_69d0f27f7ba6f' style=\"width:1170px;height:450px;\"><\/div>\n<div id='flxmap-69d0f27f7ba6f-dir' class='flxmap-directions'><\/div>\n<script data-noptimize=\"1\">\n\/* <![CDATA[ *\/\n(function(w, fn) {\n if (w.addEventListener) w.addEventListener(\"DOMContentLoaded\", fn, false);\n else if (w.attachEvent) w.attachEvent(\"onload\", fn);\n})(window, function() {\n var f = new FlexibleMap();\n f.markerDirections = true;\n f.markerDirectionsDiv = \"flxmap-69d0f27f7ba6f-dir\";\n f.setlocale(\"es-ES\");\n f.markerTitle = \"UNILABOR CENTRO:\";\n f.markerDescription = \"Sim\u00f3n Sarlat # 226, Colonia Centro, Villahermosa, Tabasco.\";\n f.markerAddress = \"Calle Simon Sarlat, Centro Delegaci\u00f3n Tres, 86077 Villahermosa,TAB\";\n f.showMarker(\"flxmap-69d0f27f7ba6f\", [17.9919699,-92.91913], [17.9919699,-92.91913]);\n window.flxmap_69d0f27f7ba6f = f;\n});\n\/* ]]> *\/\n<\/script>\n\n<\/section><\/section><section class='cws-widget'><section class='cws_widget_content'>\n<p id=\"yui_3_17_2_1_1414103047257_1661\"><div class='grid-row clearfix'><\/div><div class='grid-col grid-col-12'><\/div><section class='cws-widget'><div class='widget-title'>UNILABOR<sup>\u00ae<\/sup> CIDE<\/div><section class='cws_widget_content'><\/section><\/section>\n<p>&nbsp;<\/p>\n<h2>Laboratorio e Imagenolog\u00eda<a class=\"fancy\" href=\"http:\/\/unilabor.mx\/wrpd\/wp-content\/uploads\/2014\/07\/unilabor-CIDE.png\"><img loading=\"lazy\" decoding=\"async\" class=\"alignright wp-image-3219 size-medium imglocation\" src=\"\/wrpd\/wp-content\/uploads\/2014\/07\/unilabor-CIDE-300x300.png\" alt=\"unilabor-CIDE\" width=\"300\" height=\"300\" srcset=\"https:\/\/unilabor.mx\/wrpd\/wp-content\/uploads\/2014\/07\/unilabor-CIDE-300x300.png 300w, https:\/\/unilabor.mx\/wrpd\/wp-content\/uploads\/2014\/07\/unilabor-CIDE-150x150.png 150w, https:\/\/unilabor.mx\/wrpd\/wp-content\/uploads\/2014\/07\/unilabor-CIDE-1024x1024.png 1024w\" sizes=\"auto, (max-width: 300px) 100vw, 300px\" \/><\/a><\/h2>\n<p>&nbsp;<\/p>\n<p id=\"u984-4\">Prolongaci\u00f3n Av. 27 de Febrero #2750<\/p>\n<p>&nbsp;<\/p>\n<p id=\"u984-6\">Col. Atasta<\/p>\n<p>&nbsp;<\/p>\n<p id=\"u984-8\"><strong>Tel: <a style=\"font-weight: bold; color: #494949;\" href=\"tel:9933105850\">993 310 5850<\/a><\/strong><\/p>\n<p>&nbsp;<\/p>\n<p id=\"u984-10\">Lunes a Viernes de 6:30 am a 8:00 pm.<\/p>\n<p>S\u00e1bados de 6:30 a 3:00 pm <div id=\"flxmap-69d0f27f7bb24\" class='flxmap-container' data-flxmap='flxmap_69d0f27f7bb24' style=\"width:1170px;height:450px;\"><\/div>\n<div id='flxmap-69d0f27f7bb24-dir' class='flxmap-directions'><\/div>\n<script data-noptimize=\"1\">\n\/* <![CDATA[ *\/\n(function(w, fn) {\n if (w.addEventListener) w.addEventListener(\"DOMContentLoaded\", fn, false);\n else if (w.attachEvent) w.attachEvent(\"onload\", fn);\n})(window, function() {\n var f = new FlexibleMap();\n f.markerDirections = true;\n f.markerDirectionsDiv = \"flxmap-69d0f27f7bb24-dir\";\n f.setlocale(\"es-ES\");\n f.markerTitle = \"UNILABOR CIDE:\";\n f.markerDescription = \"Prolongaci\u00f3n Av. 27 de Febrero #2750 Col. Atasta\";\n f.markerAddress = \"Av 27 de Febrero 2750, Villahermosa, Tabasco, M\u00e9xico \";\n f.showMarker(\"flxmap-69d0f27f7bb24\", [17.994844,-92.953023], [17.994844,-92.953023]);\n window.flxmap_69d0f27f7bb24 = f;\n});\n\/* ]]> *\/\n<\/script>\n\n<\/section><\/section><section class='cws-widget'><section class='cws_widget_content'>\n<p id=\"yui_3_17_2_1_1414103047257_1661\"><div class='grid-row clearfix'><\/div><div class='grid-col grid-col-12'><\/div><section class='cws-widget'><div class='widget-title'>UNILABOR<sup>\u00ae<\/sup> INTERM\u00c9DICA<\/div><section class='cws_widget_content'><\/section><\/section>\n<p>&nbsp;<\/p>\n<h2>UNILABOR Interm\u00e9dica Palmira<a class=\"fancy\" href=\"http:\/\/unilabor.mx\/wrpd\/wp-content\/uploads\/2024\/09\/unilabor-intermedica.png\"><img loading=\"lazy\" decoding=\"async\" class=\"alignright wp-image-3219 size-medium imglocation\" src=\"\/wrpd\/wp-content\/uploads\/2024\/09\/UNILABOR-Intermedica.png\" alt=\"UNILABOR-INTERMEDICA\" width=\"300\" height=\"300\" \/><\/a><\/h2>\n<p>&nbsp;<\/p>\n<p id=\"u984-4\">Blvr. Bicentenario s\/n, Plaza Interm\u00e9dica, Local 5 y 6<\/p>\n<p>&nbsp;<\/p>\n<p id=\"u984-6\">Villahermosa, Tabasco.<\/p>\n<p>&nbsp;<\/p>\n<p id=\"u984-8\"><strong>Tel: <a style=\"font-weight: bold; color: #494949;\" href=\"tel:9936355004\">993 635 5004<\/a><\/strong><\/p>\n<p>&nbsp;<\/p>\n<p id=\"u984-10\">Lunes a S\u00e1bado de 6:30 am a 2:30 pm.<\/p>\n<div id=\"flxmap-69d0f27f7bba0\" class='flxmap-container' data-flxmap='flxmap_69d0f27f7bba0' style=\"width:1170px;height:450px;\"><\/div>\n<div id='flxmap-69d0f27f7bba0-dir' class='flxmap-directions'><\/div>\n<script data-noptimize=\"1\">\n\/* <![CDATA[ *\/\n(function(w, fn) {\n if (w.addEventListener) w.addEventListener(\"DOMContentLoaded\", fn, false);\n else if (w.attachEvent) w.attachEvent(\"onload\", fn);\n})(window, function() {\n var f = new FlexibleMap();\n f.markerDirections = true;\n f.markerDirectionsDiv = \"flxmap-69d0f27f7bba0-dir\";\n f.setlocale(\"es-ES\");\n f.markerTitle = \"UNILABOR INTERMEDICA:\";\n f.markerDescription = \"Blvr. Bicentenario s\/n, Plaza Interm\u00e9dica, Local 5 y 6\";\n f.markerAddress = \"Av 27 de Febrero 2750, Villahermosa, Tabasco, M\u00e9xico \";\n f.showMarker(\"flxmap-69d0f27f7bba0\", [17.994844,-92.953023], [17.994844,-92.953023]);\n window.flxmap_69d0f27f7bba0 = f;\n});\n\/* ]]> *\/\n<\/script>\n\n<\/section><\/section><section class='cws-widget'><section class='cws_widget_content'><div class='grid-row clearfix'><\/div><div class='grid-col grid-col-12'><\/div><section class='cws-widget'><div class='widget-title'>UNILABOR<sup>\u00ae <\/sup>Plaza Lomas<\/div><section class='cws_widget_content'><\/section><\/section>\n<h2>Laboratorio<br \/>\n<a class=\"fancy\" href=\"\/wrpd\/wp-content\/uploads\/2020\/08\/unilabor-plaza-lomas.jpg\"><img loading=\"lazy\" decoding=\"async\" class=\"alignright wp-image-3217 size-medium imglocation\" src=\"\/wrpd\/wp-content\/uploads\/2020\/08\/unilabor-plaza-lomas.jpg\" alt=\"unilabor-plaza-lomas\" width=\"300\" height=\"300\" \/><\/a><\/h2>\n<p>&nbsp;<\/p>\n<p id=\"u983-4\">Prol. Av. M\u00e9xico Plaza Lomas # 403 Local 4 y 5 C.P. 86179, Colonia Sabina,<\/p>\n<p>&nbsp;<\/p>\n<p id=\"u983-6\">Villahermosa, Tabasco.<\/p>\n<p>&nbsp;<\/p>\n<p id=\"u983-8\"><strong>Tel. <a style=\"font-weight: bold; color: #494949;\" href=\"tel:9933170345\">993 317 0345<\/a><\/strong><\/p>\n<p>&nbsp;<\/p>\n<p id=\"u983-10\">Lunes a Viernes de 7:00 am a 5:00 pm<\/p>\n<p>y S\u00e1bados de 7:00 pm a 2:00 pm<\/p>\n<div id=\"flxmap-69d0f27f7bc18\" class='flxmap-container' data-flxmap='flxmap_69d0f27f7bc18' style=\"width:1170px;height:450px;\"><\/div>\n<div id='flxmap-69d0f27f7bc18-dir' class='flxmap-directions'><\/div>\n<script data-noptimize=\"1\">\n\/* <![CDATA[ *\/\n(function(w, fn) {\n if (w.addEventListener) w.addEventListener(\"DOMContentLoaded\", fn, false);\n else if (w.attachEvent) w.attachEvent(\"onload\", fn);\n})(window, function() {\n var f = new FlexibleMap();\n f.markerDirections = true;\n f.markerDirectionsDiv = \"flxmap-69d0f27f7bc18-dir\";\n f.setlocale(\"es-ES\");\n f.markerTitle = \"UNILABOR PLAZA LOMAS:\";\n f.markerDescription = \"Prolongacion Avenida M\u00e9xico 403, Sabina, 86179 Villahermosa, Tab.\";\n f.markerAddress = \"Prolongacion Avenida M\u00e9xico 403, Sabina, 86179 Villahermosa, Tab.\";\n f.showMarker(\"flxmap-69d0f27f7bc18\", [17.966464, -92.948644], [17.966464,-92.948644]);\n window.flxmap_69d0f27f7bc18 = f;\n});\n\/* ]]> *\/\n<\/script>\n\n<\/section><\/section><section class='cws-widget'><section class='cws_widget_content'><div class='grid-row clearfix'><\/div><div class='grid-col grid-col-12'><\/div><section class='cws-widget'><div class='widget-title'>UNILABOR<sup>\u00ae <\/sup>San Jos\u00e9<\/div><section class='cws_widget_content'><\/section><\/section>\n<h2>Laboratorio<br \/>\n<a class=\"fancy\" href=\"\/wrpd\/wp-content\/uploads\/2020\/08\/unilabor-San_Jose.jpg\"><img loading=\"lazy\" decoding=\"async\" class=\"alignright wp-image-3217 size-medium imglocation\" src=\"\/wrpd\/wp-content\/uploads\/2020\/08\/unilabor-San_Jose.jpg\" alt=\"unilabor-plaza-lomas\" width=\"300\" height=\"300\" \/><\/a><\/h2>\n<p>&nbsp;<\/p>\n<p id=\"u983-4\">Av. Negrete # 601 Colonia Centro,<\/p>\n<p>&nbsp;<\/p>\n<p id=\"u983-6\">Macuspana, Tabasco.<\/p>\n<p>&nbsp;<\/p>\n<p id=\"u983-8\"><strong>Tel. <a style=\"font-weight: bold; color: #494949;\" href=\"tel:9363620282\">936 362 0282<\/a><\/strong><\/p>\n<p>&nbsp;<\/p>\n<p id=\"u983-10\">Lunes a Viernes de 6:30 am a 6:00 pm<\/p>\n<p>y S\u00e1bados de 6:30 am a 2:00 pm<\/p>\n<div id=\"flxmap-69d0f27f7bc8d\" class='flxmap-container' data-flxmap='flxmap_69d0f27f7bc8d' style=\"width:1170px;height:450px;\"><\/div>\n<div id='flxmap-69d0f27f7bc8d-dir' class='flxmap-directions'><\/div>\n<script data-noptimize=\"1\">\n\/* <![CDATA[ *\/\n(function(w, fn) {\n if (w.addEventListener) w.addEventListener(\"DOMContentLoaded\", fn, false);\n else if (w.attachEvent) w.attachEvent(\"onload\", fn);\n})(window, function() {\n var f = new FlexibleMap();\n f.markerDirections = true;\n f.markerDirectionsDiv = \"flxmap-69d0f27f7bc8d-dir\";\n f.setlocale(\"es-ES\");\n f.markerTitle = \"UNILABOR SAN JOS\u00c9:\";\n f.markerDescription = \"A. Negrete 601, Centro, 86706 Macuspana, Tab.\";\n f.markerAddress = \"A. Negrete 601, Centro, 86706 Macuspana, Tab.\";\n f.showMarker(\"flxmap-69d0f27f7bc8d\", [17.760944, -92.593288], [17.760944,-92.593288]);\n window.flxmap_69d0f27f7bc8d = f;\n});\n\/* ]]> *\/\n<\/script>\n\n<\/section><\/section><\/div><\/div><div class='grid-row clearfix'><div class='grid-col grid-col-9'><section class='cws-widget'><div class='widget-title'>Contacta a UNILABOR<sup>\u00ae<\/sup><\/div><section class='cws_widget_content'>\n<p>Porque para nosotros tu opini\u00f3n es muy importante por favor d\u00e9janos tus sugerencias o comentarios para poder mejorar nuestros servicios y brindarte una mejor atenci\u00f3n.<\/p>\n\n<div class=\"wpcf7 no-js\" id=\"wpcf7-f5-o1\" lang=\"es-ES\" dir=\"ltr\" data-wpcf7-id=\"5\">\n<div class=\"screen-reader-response\"><p role=\"status\" aria-live=\"polite\" aria-atomic=\"true\"><\/p> <ul><\/ul><\/div>\n<form action=\"\/wrpd\/wp-json\/wp\/v2\/pages\/3140#wpcf7-f5-o1\" method=\"post\" class=\"wpcf7-form init\" aria-label=\"Formulario de contacto\" enctype=\"multipart\/form-data\" novalidate=\"novalidate\" data-status=\"init\">\n<fieldset class=\"hidden-fields-container\"><input type=\"hidden\" name=\"_wpcf7\" value=\"5\" \/><input type=\"hidden\" name=\"_wpcf7_version\" value=\"6.1.4\" \/><input type=\"hidden\" name=\"_wpcf7_locale\" value=\"es_ES\" \/><input type=\"hidden\" name=\"_wpcf7_unit_tag\" value=\"wpcf7-f5-o1\" \/><input type=\"hidden\" name=\"_wpcf7_container_post\" value=\"0\" \/><input type=\"hidden\" name=\"_wpcf7_posted_data_hash\" value=\"\" \/>\n<\/fieldset>\n<p><span class=\"wpcf7-form-control-wrap\" data-name=\"your-name\"><input size=\"40\" maxlength=\"400\" class=\"wpcf7-form-control wpcf7-text wpcf7-validates-as-required\" aria-required=\"true\" aria-invalid=\"false\" placeholder=\"Nombre\" value=\"\" type=\"text\" name=\"your-name\" \/><\/span><span class=\"wpcf7-form-control-wrap\" data-name=\"your-email\"><input size=\"40\" maxlength=\"400\" class=\"wpcf7-form-control wpcf7-email wpcf7-validates-as-required wpcf7-text wpcf7-validates-as-email\" aria-required=\"true\" aria-invalid=\"false\" placeholder=\"Correo\" value=\"\" type=\"email\" name=\"your-email\" \/><\/span><span class=\"wpcf7-form-control-wrap\" data-name=\"subject\"><input size=\"40\" maxlength=\"400\" class=\"wpcf7-form-control wpcf7-text wpcf7-validates-as-required\" aria-required=\"true\" aria-invalid=\"false\" placeholder=\"Asunto\" value=\"\" type=\"text\" name=\"subject\" \/><\/span><span class=\"wpcf7-form-control-wrap\" data-name=\"Message\"><textarea cols=\"40\" rows=\"10\" maxlength=\"2000\" class=\"wpcf7-form-control wpcf7-textarea wpcf7-validates-as-required\" aria-required=\"true\" aria-invalid=\"false\" placeholder=\"Escriba su mensaje aqu\u00ed\" name=\"Message\"><\/textarea><\/span>\n<\/p>\n<p>Adjuntar Receta:\n<\/p>\n<p><span class=\"wpcf7-form-control-wrap\" data-name=\"file-80\"><input size=\"40\" class=\"wpcf7-form-control wpcf7-file\" accept=\".pdf,.docx,.doc,.jpg,.png,.jpeg\" aria-invalid=\"false\" type=\"file\" name=\"file-80\" \/><\/span><input class=\"wpcf7-form-control wpcf7-submit has-spinner\" type=\"submit\" value=\"Enviar\" \/>\n<\/p><div class=\"wpcf7-response-output\" aria-hidden=\"true\"><\/div>\n<\/form>\n<\/div>\n\n<\/section><\/section><\/div><div class='grid-col grid-col-3'><section class='cws-widget'><div class='widget-title'>Correo<\/div><section class='cws_widget_content'>\n<p id=\"yui_3_17_2_1_1414103782607_1308\"><span id=\"u839\"><i class='featured_icon  icon_frame fa fa-envelope-o fa-2x'><\/i>\u00a0<\/span><a href=\"mailto:atencion.clientes@unilabor.mx\"><strong>atencion.clientes@unilabor.mx<\/strong><\/a><\/p>\n<\/section><\/section><\/div><\/div>\n","protected":false},"excerpt":{"rendered":"","protected":false},"author":1,"featured_media":0,"parent":0,"menu_order":0,"comment_status":"closed","ping_status":"closed","template":"","meta":{"footnotes":""},"class_list":["post-3140","page","type-page","status-publish","hentry"],"_links":{"self":[{"href":"https:\/\/unilabor.mx\/wrpd\/wp-json\/wp\/v2\/pages\/3140","targetHints":{"allow":["GET"]}}],"collection":[{"href":"https:\/\/unilabor.mx\/wrpd\/wp-json\/wp\/v2\/pages"}],"about":[{"href":"https:\/\/unilabor.mx\/wrpd\/wp-json\/wp\/v2\/types\/page"}],"author":[{"embeddable":true,"href":"https:\/\/unilabor.mx\/wrpd\/wp-json\/wp\/v2\/users\/1"}],"replies":[{"embeddable":true,"href":"https:\/\/unilabor.mx\/wrpd\/wp-json\/wp\/v2\/comments?post=3140"}],"version-history":[{"count":75,"href":"https:\/\/unilabor.mx\/wrpd\/wp-json\/wp\/v2\/pages\/3140\/revisions"}],"predecessor-version":[{"id":7491,"href":"https:\/\/unilabor.mx\/wrpd\/wp-json\/wp\/v2\/pages\/3140\/revisions\/7491"}],"wp:attachment":[{"href":"https:\/\/unilabor.mx\/wrpd\/wp-json\/wp\/v2\/media?parent=3140"}],"curies":[{"name":"wp","href":"https:\/\/api.w.org\/{rel}","templated":true}]}}