{"id":5458,"date":"2015-09-29T16:04:59","date_gmt":"2015-09-29T22:04:59","guid":{"rendered":"http:\/\/unilabor.mx\/wrpd\/?page_id=5458"},"modified":"2016-02-15T18:53:34","modified_gmt":"2016-02-16T00:53:34","slug":"medicina-laboral","status":"publish","type":"page","link":"https:\/\/unilabor.mx\/wrpd\/medicina-laboral\/","title":{"rendered":"Medicina Laboral"},"content":{"rendered":"<div class='grid-row clearfix'><div class='grid-col grid-col-12'><section class='cws-widget'><section class='cws_widget_content'>\n<section class='photo_tour_section cws_widget'><div class='carousel_header clearfix'><div class='carousel_nav'><i class='prev fa fa-angle-left'><\/i><i class='next fa fa-angle-right'><\/i><div class='clearfix'><\/div><\/div><\/div><div class='photo_tour carousel_content'><div class='carousel'><div class=\"item\"><div class=\"pic\"><img decoding=\"async\" src=\"https:\/\/unilabor.mx\/wrpd\/wp-content\/uploads\/bfi_thumb\/ULB-toma11-33i27cdinf9wwtzr6u81kw.jpg\" alt=\"\"><div class=\"hover-effect\"><\/div><div class=\"links\"><a href=\"https:\/\/unilabor.mx\/wrpd\/wp-content\/uploads\/2015\/10\/ULB-toma11.jpg\" class=\"fancy fa fa-eye\" data-fancybox-group=\"$gallery_id\"><\/a><\/div><\/div><div class=\"portfolio_item_info\"><\/div><\/div><div class=\"item\"><div class=\"pic\"><img decoding=\"async\" src=\"https:\/\/unilabor.mx\/wrpd\/wp-content\/uploads\/bfi_thumb\/DSC016131-33i27bqwfylz0l9e9iark0.jpg\" alt=\"\"><div class=\"hover-effect\"><\/div><div class=\"links\"><a href=\"https:\/\/unilabor.mx\/wrpd\/wp-content\/uploads\/2015\/10\/DSC016131.jpg\" class=\"fancy fa fa-eye\" data-fancybox-group=\"$gallery_id\"><\/a><\/div><\/div><div class=\"portfolio_item_info\"><\/div><\/div><div class=\"item\"><div class=\"pic\"><img decoding=\"async\" src=\"https:\/\/unilabor.mx\/wrpd\/wp-content\/uploads\/bfi_thumb\/DSC00562-21-33i27bhurdjlghrnhrxgcg.jpg\" alt=\"\"><div class=\"hover-effect\"><\/div><div class=\"links\"><a href=\"https:\/\/unilabor.mx\/wrpd\/wp-content\/uploads\/2015\/10\/DSC00562-21.jpg\" class=\"fancy fa fa-eye\" data-fancybox-group=\"$gallery_id\"><\/a><\/div><\/div><div class=\"portfolio_item_info\"><\/div><\/div><div class=\"item\"><div class=\"pic\"><img decoding=\"async\" src=\"https:\/\/unilabor.mx\/wrpd\/wp-content\/uploads\/bfi_thumb\/DSC00558-21-33i27b8t2sh7we9wq1k54w.jpg\" alt=\"\"><div class=\"hover-effect\"><\/div><div class=\"links\"><a href=\"https:\/\/unilabor.mx\/wrpd\/wp-content\/uploads\/2015\/10\/DSC00558-21.jpg\" class=\"fancy fa fa-eye\" data-fancybox-group=\"$gallery_id\"><\/a><\/div><\/div><div class=\"portfolio_item_info\"><\/div><\/div><div class=\"item\"><div class=\"pic\"><img decoding=\"async\" src=\"https:\/\/unilabor.mx\/wrpd\/wp-content\/uploads\/bfi_thumb\/DSC002041-33i27azre7eucas5yb6txc.jpg\" alt=\"\"><div class=\"hover-effect\"><\/div><div class=\"links\"><a href=\"https:\/\/unilabor.mx\/wrpd\/wp-content\/uploads\/2015\/10\/DSC002041.jpg\" class=\"fancy fa fa-eye\" data-fancybox-group=\"$gallery_id\"><\/a><\/div><\/div><div class=\"portfolio_item_info\"><\/div><\/div><div class=\"item\"><div class=\"pic\"><img decoding=\"async\" src=\"https:\/\/unilabor.mx\/wrpd\/wp-content\/uploads\/bfi_thumb\/cita-medica1-33i27am6vbta05jjspmv40.jpg\" alt=\"\"><div class=\"hover-effect\"><\/div><div class=\"links\"><a href=\"https:\/\/unilabor.mx\/wrpd\/wp-content\/uploads\/2015\/10\/cita-medica1.jpg\" class=\"fancy fa fa-eye\" data-fancybox-group=\"$gallery_id\"><\/a><\/div><\/div><div class=\"portfolio_item_info\"><\/div><\/div><div class=\"item\"><div class=\"pic\"><img decoding=\"async\" src=\"https:\/\/unilabor.mx\/wrpd\/wp-content\/uploads\/bfi_thumb\/CIEMradiografia_11-33i27a8mcg7po0axn42wao.jpg\" alt=\"\"><div class=\"hover-effect\"><\/div><div class=\"links\"><a href=\"https:\/\/unilabor.mx\/wrpd\/wp-content\/uploads\/2015\/10\/CIEMradiografia_11.jpg\" class=\"fancy fa fa-eye\" data-fancybox-group=\"$gallery_id\"><\/a><\/div><\/div><div class=\"portfolio_item_info\"><\/div><\/div><\/div><\/div><\/section>\n<\/section><\/section><\/div><\/div><div class='grid-row clearfix'><div class='grid-col grid-col-12'><section class='cws-widget'><section class='cws_widget_content'>\n<div class=\"cws-widget callout_widget clearfix with_icon\"><div class='icons_part icon_frame'><i class='fa fa-check-square'><\/i><\/div><div class='content_wrapper'><div class='text_part'><div class='title'>Servicio de Salud Ocupacional:<\/div>\n<span class='dropcap'>E<\/span>nfocados al diagn\u00f3stico preventivo de enfermedades laborales que pongan en riesgos la salud de los trabajadores ocupacionalmente expuesto.<\/p>\n<\/div><\/div><\/div>\n<div class=\"cws-widget callout_widget clearfix with_icon\"><div class='icons_part icon_frame'><i class='fa fa-check-square'><\/i><\/div><div class='content_wrapper'><div class='text_part'><div class='title'>Examen M\u00e9dico Peri\u00f3dico:<\/div>\n<span class='dropcap'>E<\/span>s la evaluaci\u00f3n m\u00e9dica de los trabajadores activos, con el objetivo de realizar detecciones oportunas de la aparici\u00f3n de ciertas enfermedades laborales con base a exposici\u00f3n de riesgos, a fin de implementar medidas preventivas y correctivas adecuadas.<\/p>\n<\/div><\/div><\/div>\n<div class=\"cws-widget callout_widget clearfix with_icon\"><div class='icons_part icon_frame'><i class='fa fa-check-square'><\/i><\/div><div class='content_wrapper'><div class='text_part'><div class='title'>Programa de Medicina Preventiva:<\/div>\n<span class='dropcap'>P<\/span>roporcionar a las empresas y sus trabajadores servicios de medicina preventiva a trav\u00e9s de actividades de promoci\u00f3n y educaci\u00f3n de la salud, as\u00ed como del programa de detecci\u00f3n de factores de riesgos generadores de los principales padecimientos causantes de morbi-mortalidad en la poblaci\u00f3n adulta, con el fin de establecer acciones preventivas y correctivas oportunas.<\/p>\n<\/div><\/div><\/div>\n<div class=\"cws-widget callout_widget clearfix with_icon\"><div class='icons_part icon_frame'><i class='fa fa-check-square'><\/i><\/div><div class='content_wrapper'><div class='text_part'><div class='title'>Examen Toxicol\u00f3gico:<\/div>\n<span class='dropcap'>E<\/span>s la aplicaci\u00f3n de pruebas reactivas en trabajadores en procesos de selecci\u00f3n y\/o activos, con el objetivo de detectar en forma oportuna la presencia de drogas y\/o sus residuos.<\/p>\n<\/div><\/div><\/div>\n<div class=\"cws-widget callout_widget clearfix with_icon\"><div class='icons_part icon_frame'><i class='fa fa-check-square'><\/i><\/div><div class='content_wrapper'><div class='text_part'><div class='title'>Examen para Personas Ocupacionalmente Expuestos (POE):<\/div>\n<span class='dropcap'>E<\/span>sta evaluaci\u00f3n m\u00e9dica se utiliza para aquel trabajador que en ejercicio y con motivo de su ocupaci\u00f3n, desempe\u00f1a una actividad que se considera peligrosa. B\u00fasqueda de lesiones f\u00edsica que afecten a la integridad f\u00edsica que afecten a la integridad f\u00edsica del candidato que lo hagan NO compatible al puesto. Exploraci\u00f3n especifica de signos de exposici\u00f3n a riesgos especiales: Mercurio, Acido Sulfhidrico (H2S), radiaci\u00f3n y otros.<\/p>\n<\/div><\/div><\/div>\n<div class=\"cws-widget callout_widget clearfix with_icon\"><div class='icons_part icon_frame'><i class='fa fa-certificate'><\/i><\/div><div class='content_wrapper'><div class='text_part'><div class='title'>Capacitaciones para el Cumplimiento de las Normas Laborales:<\/div>\n<ul>\n<li>Normas oficiales mexicanas<\/li>\n<li>Anexo de seguridad<\/li>\n<li>Salud y proteccion ambiental\u00a0 (SSPA)<\/li>\n<li>Primeros auxilios<\/li>\n<li>Contraincendios<\/li>\n<li>Plan de respuesta a emergencias<\/li>\n<\/ul>\n<\/div><\/div><\/div>\n<div class=\"cws-widget callout_widget clearfix with_icon\"><div class='icons_part icon_frame'><i class='fa fa-certificate'><\/i><\/div><div class='content_wrapper'><div class='text_part'>\n<ul>\n<li>Certificados M\u00e9dicos Laborales<\/li>\n<li>Evaluaci\u00f3n M\u00e9dica Laboral<\/li>\n<li>Audiometr\u00eda<\/li>\n<li>Espirometr\u00eda<\/li>\n<li>Electrocardiograma<\/li>\n<li>Visiometr\u00eda<\/li>\n<\/ul>\n<\/div><\/div><\/div>\n<\/section><\/section><\/div><\/div>\n","protected":false},"excerpt":{"rendered":"","protected":false},"author":3,"featured_media":0,"parent":0,"menu_order":0,"comment_status":"closed","ping_status":"closed","template":"","meta":{"footnotes":""},"class_list":["post-5458","page","type-page","status-publish","hentry"],"_links":{"self":[{"href":"https:\/\/unilabor.mx\/wrpd\/wp-json\/wp\/v2\/pages\/5458","targetHints":{"allow":["GET"]}}],"collection":[{"href":"https:\/\/unilabor.mx\/wrpd\/wp-json\/wp\/v2\/pages"}],"about":[{"href":"https:\/\/unilabor.mx\/wrpd\/wp-json\/wp\/v2\/types\/page"}],"author":[{"embeddable":true,"href":"https:\/\/unilabor.mx\/wrpd\/wp-json\/wp\/v2\/users\/3"}],"replies":[{"embeddable":true,"href":"https:\/\/unilabor.mx\/wrpd\/wp-json\/wp\/v2\/comments?post=5458"}],"version-history":[{"count":54,"href":"https:\/\/unilabor.mx\/wrpd\/wp-json\/wp\/v2\/pages\/5458\/revisions"}],"predecessor-version":[{"id":6268,"href":"https:\/\/unilabor.mx\/wrpd\/wp-json\/wp\/v2\/pages\/5458\/revisions\/6268"}],"wp:attachment":[{"href":"https:\/\/unilabor.mx\/wrpd\/wp-json\/wp\/v2\/media?parent=5458"}],"curies":[{"name":"wp","href":"https:\/\/api.w.org\/{rel}","templated":true}]}}