{"id":7335,"date":"2020-08-24T15:41:54","date_gmt":"2020-08-24T21:41:54","guid":{"rendered":"https:\/\/unilabor.mx\/wrpd\/?page_id=7335"},"modified":"2020-08-27T16:10:38","modified_gmt":"2020-08-27T22:10:38","slug":"contactanos","status":"publish","type":"page","link":"https:\/\/unilabor.mx\/wrpd\/contactanos\/","title":{"rendered":"Cont\u00e1ctanos"},"content":{"rendered":"<div class='grid-row clearfix'><div class='grid-col grid-col-6'><section class='cws-widget'><section class='cws_widget_content'>\n<p style=\"padding-left: 60px;\"><a class=\"fancy\" href=\"http:\/\/unilabor.mx\/wrpd\/wp-content\/uploads\/2014\/07\/unilabor-matriz.png\"><img loading=\"lazy\" decoding=\"async\" class=\"aligncenter wp-image-3217 size-medium\" src=\"\/wrpd\/wp-content\/uploads\/2014\/07\/unilabor-matriz-300x300.png\" alt=\"unilabor-matriz\" width=\"300\" height=\"300\" srcset=\"https:\/\/unilabor.mx\/wrpd\/wp-content\/uploads\/2014\/07\/unilabor-matriz-300x300.png 300w, https:\/\/unilabor.mx\/wrpd\/wp-content\/uploads\/2014\/07\/unilabor-matriz-150x150.png 150w, https:\/\/unilabor.mx\/wrpd\/wp-content\/uploads\/2014\/07\/unilabor-matriz-1024x1024.png 1024w\" sizes=\"auto, (max-width: 300px) 100vw, 300px\" \/><\/a><\/p>\n<h2 style=\"text-align: center;\">UNILABOR\u00ae Centro<br \/>Matriz<\/h2>\n<p id=\"u983-10\" style=\"text-align: center;\"><strong>Tel. (993) 312 42 00, (993) 314 0563<\/strong><\/p>\n<p style=\"text-align: center;\">Lunes a Viernes de 6:30 am a 07:00 pm.<\/p>\n<p style=\"text-align: center;\">S\u00e1bados de 6:30 a 02:00 pm<\/p>\n<\/section><\/section><section class='cws-widget'><section class='cws_widget_content'>\n<p><a class=\"fancy\" href=\"http:\/\/unilabor.mx\/wrpd\/wp-content\/uploads\/2014\/07\/unilabor-CIDE.png\"><img loading=\"lazy\" decoding=\"async\" class=\"aligncenter wp-image-3219 size-medium\" src=\"\/wrpd\/wp-content\/uploads\/2014\/07\/unilabor-CIDE-300x300.png\" alt=\"unilabor-CIDE\" width=\"300\" height=\"300\" srcset=\"https:\/\/unilabor.mx\/wrpd\/wp-content\/uploads\/2014\/07\/unilabor-CIDE-300x300.png 300w, https:\/\/unilabor.mx\/wrpd\/wp-content\/uploads\/2014\/07\/unilabor-CIDE-150x150.png 150w, https:\/\/unilabor.mx\/wrpd\/wp-content\/uploads\/2014\/07\/unilabor-CIDE-1024x1024.png 1024w\" sizes=\"auto, (max-width: 300px) 100vw, 300px\" \/><\/a><\/p>\n<h2 style=\"text-align: center;\">UNILABOR\u00ae CIDE<br \/>Laboratorio e Imagenolog\u00eda<\/h2>\n<p id=\"u984-8\" style=\"text-align: center;\"><strong>Tel: (993) 310 58 50<\/strong><\/p>\n<p id=\"u984-10\" style=\"text-align: center;\">Lunes a Viernes de 6:30 am a 10:00 pm.<\/p>\n<p style=\"text-align: center;\">S\u00e1bados de 6:30 a 03:00 pm<\/p>\n<\/section><\/section><\/div><div class='grid-col grid-col-6'><section class='cws-widget'><section class='cws_widget_content'>\n<p style=\"padding-left: 60px;\"><a class=\"fancy\" href=\"\/wrpd\/wp-content\/uploads\/2020\/08\/unilabor-plaza-lomas.jpg\"><img loading=\"lazy\" decoding=\"async\" class=\"aligncenter wp-image-3217 size-medium\" src=\"\/wrpd\/wp-content\/uploads\/2020\/08\/unilabor-plaza-lomas.jpg\" alt=\"unilabor-plaza-lomas\" width=\"300\" height=\"300\" \/><\/a><\/p>\n<h2 style=\"text-align: center;\">UNILABOR<sup>\u00ae<\/sup> Plaza Lomas<br \/>Laboratorio<\/h2>\n<p id=\"u983-10\" style=\"text-align: center;\"><strong>Tel. ((993) 317 0345<\/strong><\/p>\n<p style=\"text-align: center;\">Lunes a Viernes de 7:00 am a 6:00 pm<\/p>\n<p style=\"text-align: center;\">S\u00e1bados de 7:00 a 02:00 pm<\/p>\n<\/section><\/section><section class='cws-widget'><section class='cws_widget_content'>\n<p><a class=\"fancy\" href=\"\/wrpd\/wp-content\/uploads\/2020\/08\/unilab-san-jose.jpg\"><img loading=\"lazy\" decoding=\"async\" class=\"aligncenter wp-image-3219 size-medium\" src=\"\/wrpd\/wp-content\/uploads\/2020\/08\/unilab-san-jose.jpg\" alt=\"unilabor-San-Jose\" width=\"300\" height=\"300\" \/><\/a><\/p>\n<h2 style=\"text-align: center;\">UNILABOR<sup>&reg; <\/sup>San Jos&eacute;<br \/>Laboratorio<\/h2>\n<p id=\"u984-8\" style=\"text-align: center;\"><strong>Tel: (936) 362 0282<\/strong><\/p>\n<p id=\"u984-10\" style=\"text-align: center;\">Lunes a Viernes de 6:30 am a 6:00 pm<\/p>\n<p style=\"text-align: center;\">S&aacute;bados de 6:30 am a 2:00 pm<\/p>\n<\/section><\/section><\/div><\/div><div class='grid-row clearfix'><div class='grid-col grid-col-9'><section class='cws-widget'><section class='cws_widget_content'>\n<p style=\"margin-bottom: 20px;\">Porque para nosotros tu opini\u00f3n es muy importante por favor d\u00e9janos tus sugerencias o comentarios para poder mejorar nuestros servicios y brindarte una mejor atenci\u00f3n.<\/p>\n\n<div class=\"wpcf7 no-js\" id=\"wpcf7-f5-o1\" lang=\"es-ES\" dir=\"ltr\" data-wpcf7-id=\"5\">\n<div class=\"screen-reader-response\"><p role=\"status\" aria-live=\"polite\" aria-atomic=\"true\"><\/p> <ul><\/ul><\/div>\n<form action=\"\/wrpd\/wp-json\/wp\/v2\/pages\/7335#wpcf7-f5-o1\" method=\"post\" class=\"wpcf7-form init\" aria-label=\"Formulario de contacto\" enctype=\"multipart\/form-data\" novalidate=\"novalidate\" data-status=\"init\">\n<fieldset class=\"hidden-fields-container\"><input type=\"hidden\" name=\"_wpcf7\" value=\"5\" \/><input type=\"hidden\" name=\"_wpcf7_version\" value=\"6.1.4\" \/><input type=\"hidden\" name=\"_wpcf7_locale\" value=\"es_ES\" \/><input type=\"hidden\" name=\"_wpcf7_unit_tag\" value=\"wpcf7-f5-o1\" \/><input type=\"hidden\" name=\"_wpcf7_container_post\" value=\"0\" \/><input type=\"hidden\" name=\"_wpcf7_posted_data_hash\" value=\"\" \/>\n<\/fieldset>\n<p><span class=\"wpcf7-form-control-wrap\" data-name=\"your-name\"><input size=\"40\" maxlength=\"400\" class=\"wpcf7-form-control wpcf7-text wpcf7-validates-as-required\" aria-required=\"true\" aria-invalid=\"false\" placeholder=\"Nombre\" value=\"\" type=\"text\" name=\"your-name\" \/><\/span><span class=\"wpcf7-form-control-wrap\" data-name=\"your-email\"><input size=\"40\" maxlength=\"400\" class=\"wpcf7-form-control wpcf7-email wpcf7-validates-as-required wpcf7-text wpcf7-validates-as-email\" aria-required=\"true\" aria-invalid=\"false\" placeholder=\"Correo\" value=\"\" type=\"email\" name=\"your-email\" \/><\/span><span class=\"wpcf7-form-control-wrap\" data-name=\"subject\"><input size=\"40\" maxlength=\"400\" class=\"wpcf7-form-control wpcf7-text wpcf7-validates-as-required\" aria-required=\"true\" aria-invalid=\"false\" placeholder=\"Asunto\" value=\"\" type=\"text\" name=\"subject\" \/><\/span><span class=\"wpcf7-form-control-wrap\" data-name=\"Message\"><textarea cols=\"40\" rows=\"10\" maxlength=\"2000\" class=\"wpcf7-form-control wpcf7-textarea wpcf7-validates-as-required\" aria-required=\"true\" aria-invalid=\"false\" placeholder=\"Escriba su mensaje aqu\u00ed\" name=\"Message\"><\/textarea><\/span>\n<\/p>\n<p>Adjuntar Receta:\n<\/p>\n<p><span class=\"wpcf7-form-control-wrap\" data-name=\"file-80\"><input size=\"40\" class=\"wpcf7-form-control wpcf7-file\" accept=\".pdf,.docx,.doc,.jpg,.png,.jpeg\" aria-invalid=\"false\" type=\"file\" name=\"file-80\" \/><\/span><input class=\"wpcf7-form-control wpcf7-submit has-spinner\" type=\"submit\" value=\"Enviar\" \/>\n<\/p><div class=\"wpcf7-response-output\" aria-hidden=\"true\"><\/div>\n<\/form>\n<\/div>\n\n<\/section><\/section><\/div><div class='grid-col grid-col-3'><section class='cws-widget'><section class='cws_widget_content'>\n<p id=\"yui_3_17_2_1_1414103782607_1308\"><span id=\"u839\"><i class='featured_icon  icon_frame fa fa-envelope-o fa-2x'><\/i>\u00a0<\/span><a href=\"mailto:atencion.clientes@unilabor.mx\"><strong>atencion.clientes@unilabor.mx<\/strong><\/a><\/p>\n<\/section><\/section><\/div><\/div>\n","protected":false},"excerpt":{"rendered":"","protected":false},"author":3,"featured_media":0,"parent":0,"menu_order":0,"comment_status":"closed","ping_status":"closed","template":"","meta":{"footnotes":""},"class_list":["post-7335","page","type-page","status-publish","hentry"],"_links":{"self":[{"href":"https:\/\/unilabor.mx\/wrpd\/wp-json\/wp\/v2\/pages\/7335","targetHints":{"allow":["GET"]}}],"collection":[{"href":"https:\/\/unilabor.mx\/wrpd\/wp-json\/wp\/v2\/pages"}],"about":[{"href":"https:\/\/unilabor.mx\/wrpd\/wp-json\/wp\/v2\/types\/page"}],"author":[{"embeddable":true,"href":"https:\/\/unilabor.mx\/wrpd\/wp-json\/wp\/v2\/users\/3"}],"replies":[{"embeddable":true,"href":"https:\/\/unilabor.mx\/wrpd\/wp-json\/wp\/v2\/comments?post=7335"}],"version-history":[{"count":8,"href":"https:\/\/unilabor.mx\/wrpd\/wp-json\/wp\/v2\/pages\/7335\/revisions"}],"predecessor-version":[{"id":7358,"href":"https:\/\/unilabor.mx\/wrpd\/wp-json\/wp\/v2\/pages\/7335\/revisions\/7358"}],"wp:attachment":[{"href":"https:\/\/unilabor.mx\/wrpd\/wp-json\/wp\/v2\/media?parent=7335"}],"curies":[{"name":"wp","href":"https:\/\/api.w.org\/{rel}","templated":true}]}}